{"id":1530,"date":"2025-06-02T13:54:12","date_gmt":"2025-06-02T11:54:12","guid":{"rendered":"https:\/\/mvxjz.beeweb-yellow.io\/peliculas\/"},"modified":"2025-06-23T19:50:40","modified_gmt":"2025-06-23T17:50:40","slug":"peliculas","status":"publish","type":"page","link":"https:\/\/easymover.se\/es\/peliculas\/","title":{"rendered":"Pel\u00edculas"},"content":{"rendered":"\t\t<div data-elementor-type=\"wp-page\" data-elementor-id=\"1530\" class=\"elementor elementor-1530 elementor-1385\" data-elementor-post-type=\"page\">\n\t\t\t\t<div class=\"elementor-element elementor-element-11e44bc e-flex e-con-boxed elementor-invisible e-con e-parent\" data-id=\"11e44bc\" data-element_type=\"container\" data-e-type=\"container\" data-settings=\"{&quot;animation&quot;:&quot;fadeIn&quot;}\">\n\t\t\t\t\t<div class=\"e-con-inner\">\n\t\t<div class=\"elementor-element elementor-element-3693af2 e-con-full e-flex elementor-invisible e-con e-child\" data-id=\"3693af2\" data-element_type=\"container\" data-e-type=\"container\" data-settings=\"{&quot;animation&quot;:&quot;fadeIn&quot;}\">\n\t\t\t\t<div class=\"elementor-element elementor-element-77b1749 elementor-widget elementor-widget-video\" data-id=\"77b1749\" data-element_type=\"widget\" data-e-type=\"widget\" data-settings=\"{&quot;youtube_url&quot;:&quot;https:\\\/\\\/www.youtube.com\\\/watch?v=3PwRENQA2iM&quot;,&quot;video_type&quot;:&quot;youtube&quot;,&quot;controls&quot;:&quot;yes&quot;}\" data-widget_type=\"video.default\">\n\t\t\t\t<div class=\"elementor-widget-container\">\n\t\t\t\t\t\t\t<div class=\"elementor-wrapper elementor-open-inline\">\n\t\t\t<div class=\"elementor-video\"><\/div>\t\t<\/div>\n\t\t\t\t\t\t<\/div>\n\t\t\t\t<\/div>\n\t\t\t\t<div class=\"elementor-element elementor-element-0c4f175 elementor-widget elementor-widget-heading\" data-id=\"0c4f175\" data-element_type=\"widget\" data-e-type=\"widget\" data-widget_type=\"heading.default\">\n\t\t\t\t<div class=\"elementor-widget-container\">\n\t\t\t\t\t<p class=\"elementor-heading-title elementor-size-default\">Film Company<\/p>\t\t\t\t<\/div>\n\t\t\t\t<\/div>\n\t\t\t\t<\/div>\n\t\t<div class=\"elementor-element elementor-element-52a9667 e-grid e-con-full e-con e-child\" data-id=\"52a9667\" data-element_type=\"container\" data-e-type=\"container\">\n\t\t<div class=\"elementor-element elementor-element-9fe88ca e-con-full e-flex elementor-invisible e-con e-child\" data-id=\"9fe88ca\" data-element_type=\"container\" data-e-type=\"container\" data-settings=\"{&quot;animation&quot;:&quot;fadeIn&quot;}\">\n\t\t\t\t<div class=\"elementor-element elementor-element-f4cb678 elementor-widget elementor-widget-video\" data-id=\"f4cb678\" data-element_type=\"widget\" data-e-type=\"widget\" data-settings=\"{&quot;youtube_url&quot;:&quot;https:\\\/\\\/www.youtube.com\\\/watch?v=nEuW36R24L0&quot;,&quot;video_type&quot;:&quot;youtube&quot;,&quot;controls&quot;:&quot;yes&quot;}\" data-widget_type=\"video.default\">\n\t\t\t\t<div class=\"elementor-widget-container\">\n\t\t\t\t\t\t\t<div class=\"elementor-wrapper elementor-open-inline\">\n\t\t\t<div class=\"elementor-video\"><\/div>\t\t<\/div>\n\t\t\t\t\t\t<\/div>\n\t\t\t\t<\/div>\n\t\t\t\t<div class=\"elementor-element elementor-element-3d03d7c elementor-widget elementor-widget-heading\" data-id=\"3d03d7c\" data-element_type=\"widget\" data-e-type=\"widget\" data-widget_type=\"heading.default\">\n\t\t\t\t<div class=\"elementor-widget-container\">\n\t\t\t\t\t<p class=\"elementor-heading-title elementor-size-default\">Rollers operados con aire a presi\u00f3n<\/p>\t\t\t\t<\/div>\n\t\t\t\t<\/div>\n\t\t\t\t<\/div>\n\t\t<div class=\"elementor-element elementor-element-8f523e0 e-con-full e-flex elementor-invisible e-con e-child\" data-id=\"8f523e0\" data-element_type=\"container\" data-e-type=\"container\" data-settings=\"{&quot;animation&quot;:&quot;fadeIn&quot;}\">\n\t\t\t\t<div class=\"elementor-element elementor-element-28119fb elementor-widget elementor-widget-video\" data-id=\"28119fb\" data-element_type=\"widget\" data-e-type=\"widget\" data-settings=\"{&quot;youtube_url&quot;:&quot;https:\\\/\\\/www.youtube.com\\\/watch?v=eXbHxwRgCwA&quot;,&quot;video_type&quot;:&quot;youtube&quot;,&quot;controls&quot;:&quot;yes&quot;}\" data-widget_type=\"video.default\">\n\t\t\t\t<div class=\"elementor-widget-container\">\n\t\t\t\t\t\t\t<div class=\"elementor-wrapper elementor-open-inline\">\n\t\t\t<div class=\"elementor-video\"><\/div>\t\t<\/div>\n\t\t\t\t\t\t<\/div>\n\t\t\t\t<\/div>\n\t\t\t\t<div class=\"elementor-element elementor-element-8e90e0c elementor-widget elementor-widget-heading\" data-id=\"8e90e0c\" data-element_type=\"widget\" data-e-type=\"widget\" data-widget_type=\"heading.default\">\n\t\t\t\t<div class=\"elementor-widget-container\">\n\t\t\t\t\t<p class=\"elementor-heading-title elementor-size-default\">Rollers operados con bater\u00eda<\/p>\t\t\t\t<\/div>\n\t\t\t\t<\/div>\n\t\t\t\t<\/div>\n\t\t<div class=\"elementor-element elementor-element-1614808 e-con-full e-flex elementor-invisible e-con e-child\" data-id=\"1614808\" data-element_type=\"container\" data-e-type=\"container\" data-settings=\"{&quot;animation&quot;:&quot;fadeIn&quot;}\">\n\t\t\t\t<div class=\"elementor-element elementor-element-325d17f elementor-widget elementor-widget-video\" data-id=\"325d17f\" data-element_type=\"widget\" data-e-type=\"widget\" data-settings=\"{&quot;youtube_url&quot;:&quot;https:\\\/\\\/www.youtube.com\\\/watch?v=5mSvATrjzgA&quot;,&quot;video_type&quot;:&quot;youtube&quot;,&quot;controls&quot;:&quot;yes&quot;}\" data-widget_type=\"video.default\">\n\t\t\t\t<div class=\"elementor-widget-container\">\n\t\t\t\t\t\t\t<div class=\"elementor-wrapper elementor-open-inline\">\n\t\t\t<div class=\"elementor-video\"><\/div>\t\t<\/div>\n\t\t\t\t\t\t<\/div>\n\t\t\t\t<\/div>\n\t\t\t\t<div class=\"elementor-element elementor-element-3bdc2e1 elementor-widget elementor-widget-heading\" data-id=\"3bdc2e1\" data-element_type=\"widget\" data-e-type=\"widget\" data-widget_type=\"heading.default\">\n\t\t\t\t<div class=\"elementor-widget-container\">\n\t\t\t\t\t<p class=\"elementor-heading-title elementor-size-default\">Pushers operados con bater\u00eda<\/p>\t\t\t\t<\/div>\n\t\t\t\t<\/div>\n\t\t\t\t<\/div>\n\t\t<div class=\"elementor-element elementor-element-1ad2bff e-con-full e-flex elementor-invisible e-con e-child\" data-id=\"1ad2bff\" data-element_type=\"container\" data-e-type=\"container\" data-settings=\"{&quot;animation&quot;:&quot;fadeIn&quot;}\">\n\t\t\t\t<div class=\"elementor-element elementor-element-2cf2e1d elementor-widget elementor-widget-video\" data-id=\"2cf2e1d\" data-element_type=\"widget\" data-e-type=\"widget\" data-settings=\"{&quot;youtube_url&quot;:&quot;https:\\\/\\\/www.youtube.com\\\/watch?v=9G5T-wKJg3I&quot;,&quot;video_type&quot;:&quot;youtube&quot;,&quot;controls&quot;:&quot;yes&quot;}\" data-widget_type=\"video.default\">\n\t\t\t\t<div class=\"elementor-widget-container\">\n\t\t\t\t\t\t\t<div class=\"elementor-wrapper elementor-open-inline\">\n\t\t\t<div class=\"elementor-video\"><\/div>\t\t<\/div>\n\t\t\t\t\t\t<\/div>\n\t\t\t\t<\/div>\n\t\t\t\t<div class=\"elementor-element elementor-element-c85e853 elementor-widget elementor-widget-heading\" data-id=\"c85e853\" data-element_type=\"widget\" data-e-type=\"widget\" data-widget_type=\"heading.default\">\n\t\t\t\t<div class=\"elementor-widget-container\">\n\t\t\t\t\t<p class=\"elementor-heading-title elementor-size-default\">Push, pull &amp; manuever operados con bater\u00eda<\/p>\t\t\t\t<\/div>\n\t\t\t\t<\/div>\n\t\t\t\t<\/div>\n\t\t\t\t<\/div>\n\t\t\t\t\t<\/div>\n\t\t\t\t<\/div>\n\t\t<div class=\"elementor-element elementor-element-2f13729 e-con-full e-flex e-con e-parent\" data-id=\"2f13729\" data-element_type=\"container\" data-e-type=\"container\">\n\t\t\t\t<div class=\"elementor-element elementor-element-900e306 elementor-widget elementor-widget-template\" data-id=\"900e306\" data-element_type=\"widget\" data-e-type=\"widget\" data-widget_type=\"template.default\">\n\t\t\t\t<div class=\"elementor-widget-container\">\n\t\t\t\t\t\t\t<div class=\"elementor-template\">\n\t\t\t\t\t<div data-elementor-type=\"section\" data-elementor-id=\"1592\" class=\"elementor elementor-1592 elementor-755 elementor-755\" data-elementor-post-type=\"elementor_library\">\n\t\t\t<div class=\"elementor-element elementor-element-24d98c1 e-flex e-con-boxed elementor-invisible e-con e-parent\" data-id=\"24d98c1\" data-element_type=\"container\" data-e-type=\"container\" data-settings=\"{&quot;background_background&quot;:&quot;classic&quot;,&quot;animation&quot;:&quot;fadeIn&quot;}\">\n\t\t\t\t\t<div class=\"e-con-inner\">\n\t\t<div class=\"elementor-element elementor-element-8d18938 e-con-full e-flex elementor-invisible e-con e-child\" data-id=\"8d18938\" data-element_type=\"container\" data-e-type=\"container\" data-settings=\"{&quot;animation&quot;:&quot;fadeIn&quot;}\">\n\t\t\t\t<div class=\"elementor-element elementor-element-146d08a elementor-widget elementor-widget-heading\" data-id=\"146d08a\" data-element_type=\"widget\" data-e-type=\"widget\" data-widget_type=\"heading.default\">\n\t\t\t\t<div class=\"elementor-widget-container\">\n\t\t\t\t\t<h2 class=\"elementor-heading-title elementor-size-default\">\u00bfNecesita una soluci\u00f3n inteligente para su taller o producci\u00f3n?<\/h2>\t\t\t\t<\/div>\n\t\t\t\t<\/div>\n\t\t\t\t<div class=\"elementor-element elementor-element-d87cf16 elementor-widget elementor-widget-text-editor\" data-id=\"d87cf16\" data-element_type=\"widget\" data-e-type=\"widget\" data-widget_type=\"text-editor.default\">\n\t\t\t\t<div class=\"elementor-widget-container\">\n\t\t\t\t\t\t\t\t\t<p>\u00bfTiene necesidades que requieren equipos fiables o soluciones personalizadas? <br>Estamos aqu\u00ed \u2013 cont\u00e1ctenos y lo resolveremos juntos.<\/p>\t\t\t\t\t\t\t\t<\/div>\n\t\t\t\t<\/div>\n\t\t<div class=\"elementor-element elementor-element-f5f6fab e-con-full e-flex e-con e-child\" data-id=\"f5f6fab\" data-element_type=\"container\" data-e-type=\"container\">\n\t\t\t\t<div class=\"elementor-element elementor-element-871647c elementor-button-info elementor-widget elementor-widget-button\" data-id=\"871647c\" data-element_type=\"widget\" data-e-type=\"widget\" data-widget_type=\"button.default\">\n\t\t\t\t<div class=\"elementor-widget-container\">\n\t\t\t\t\t\t\t\t\t<div class=\"elementor-button-wrapper\">\n\t\t\t\t\t<a class=\"elementor-button elementor-button-link elementor-size-sm\" href=\"https:\/\/easymover.se\/es\/faq\/\">\n\t\t\t\t\t\t<span class=\"elementor-button-content-wrapper\">\n\t\t\t\t\t\t\t\t\t<span class=\"elementor-button-text\">FAQ<\/span>\n\t\t\t\t\t<\/span>\n\t\t\t\t\t<\/a>\n\t\t\t\t<\/div>\n\t\t\t\t\t\t\t\t<\/div>\n\t\t\t\t<\/div>\n\t\t\t\t<div class=\"elementor-element elementor-element-30329c4 elementor-button-info elementor-widget elementor-widget-button\" data-id=\"30329c4\" data-element_type=\"widget\" data-e-type=\"widget\" data-widget_type=\"button.default\">\n\t\t\t\t<div class=\"elementor-widget-container\">\n\t\t\t\t\t\t\t\t\t<div class=\"elementor-button-wrapper\">\n\t\t\t\t\t<a class=\"elementor-button elementor-button-link elementor-size-sm\" href=\"https:\/\/easymover.se\/es\/contacto\/\">\n\t\t\t\t\t\t<span class=\"elementor-button-content-wrapper\">\n\t\t\t\t\t\t\t\t\t<span class=\"elementor-button-text\">Contacte con nosotros<\/span>\n\t\t\t\t\t<\/span>\n\t\t\t\t\t<\/a>\n\t\t\t\t<\/div>\n\t\t\t\t\t\t\t\t<\/div>\n\t\t\t\t<\/div>\n\t\t\t\t<\/div>\n\t\t\t\t<\/div>\n\t\t\t\t\t<\/div>\n\t\t\t\t<\/div>\n\t\t\t\t<\/div>\n\t\t\t\t<\/div>\n\t\t\t\t\t\t<\/div>\n\t\t\t\t<\/div>\n\t\t\t\t<\/div>\n\t\t\t\t<\/div>\n\t\t<script language='javascript' type='text\/javascript'>function getWR360PopupSkin(){return 'light_clean';}<\/script>","protected":false},"excerpt":{"rendered":"<p>Vea nuestro v\u00eddeo corporativo y nuestros v\u00eddeos de productos; en ellos le contamos c\u00f3mo empez\u00f3 todo, c\u00f3mo trabajamos y, sobre todo, c\u00f3mo les facilita la vida Easy Mover a clientes de todo el mundo, \u00a1cada d\u00eda!<\/p>\n","protected":false},"author":1,"featured_media":1395,"parent":0,"menu_order":0,"comment_status":"closed","ping_status":"closed","template":"","meta":{"footnotes":""},"class_list":["post-1530","page","type-page","status-publish","has-post-thumbnail","hentry"],"yoast_head":"<!-- This site is optimized with the Yoast SEO plugin v27.5 - https:\/\/yoast.com\/product\/yoast-seo-wordpress\/ -->\n<title>Pel\u00edculas - Easy Mover Rejmyre Maskin<\/title>\n<meta name=\"robots\" content=\"index, follow, max-snippet:-1, max-image-preview:large, max-video-preview:-1\" \/>\n<link rel=\"canonical\" href=\"https:\/\/easymover.se\/es\/peliculas\/\" \/>\n<meta property=\"og:locale\" content=\"es_ES\" \/>\n<meta property=\"og:type\" content=\"article\" \/>\n<meta property=\"og:title\" content=\"Pel\u00edculas - Easy Mover Rejmyre Maskin\" \/>\n<meta property=\"og:description\" content=\"Vea nuestro v\u00eddeo corporativo y nuestros v\u00eddeos de productos; en ellos le contamos c\u00f3mo empez\u00f3 todo, c\u00f3mo trabajamos y, sobre todo, c\u00f3mo les facilita la vida Easy Mover a clientes de todo el mundo, \u00a1cada d\u00eda!\" \/>\n<meta property=\"og:url\" content=\"https:\/\/easymover.se\/es\/peliculas\/\" \/>\n<meta property=\"og:site_name\" content=\"Easy Mover Rejmyre Maskin\" \/>\n<meta property=\"article:modified_time\" content=\"2025-06-23T17:50:40+00:00\" \/>\n<meta property=\"og:image\" content=\"https:\/\/easymover.se\/wp-content\/uploads\/2025\/06\/topp-filmer.jpg\" \/>\n\t<meta property=\"og:image:width\" content=\"1920\" \/>\n\t<meta property=\"og:image:height\" content=\"1280\" \/>\n\t<meta property=\"og:image:type\" content=\"image\/jpeg\" \/>\n<meta name=\"twitter:card\" content=\"summary_large_image\" \/>\n<script type=\"application\/ld+json\" class=\"yoast-schema-graph\">{\"@context\":\"https:\\\/\\\/schema.org\",\"@graph\":[{\"@type\":\"WebPage\",\"@id\":\"https:\\\/\\\/easymover.se\\\/es\\\/peliculas\\\/\",\"url\":\"https:\\\/\\\/easymover.se\\\/es\\\/peliculas\\\/\",\"name\":\"Pel\u00edculas - Easy Mover Rejmyre Maskin\",\"isPartOf\":{\"@id\":\"https:\\\/\\\/easymover.se\\\/es\\\/#website\"},\"primaryImageOfPage\":{\"@id\":\"https:\\\/\\\/easymover.se\\\/es\\\/peliculas\\\/#primaryimage\"},\"image\":{\"@id\":\"https:\\\/\\\/easymover.se\\\/es\\\/peliculas\\\/#primaryimage\"},\"thumbnailUrl\":\"https:\\\/\\\/easymover.se\\\/wp-content\\\/uploads\\\/2025\\\/06\\\/topp-filmer.jpg\",\"datePublished\":\"2025-06-02T11:54:12+00:00\",\"dateModified\":\"2025-06-23T17:50:40+00:00\",\"breadcrumb\":{\"@id\":\"https:\\\/\\\/easymover.se\\\/es\\\/peliculas\\\/#breadcrumb\"},\"inLanguage\":\"es\",\"potentialAction\":[{\"@type\":\"ReadAction\",\"target\":[\"https:\\\/\\\/easymover.se\\\/es\\\/peliculas\\\/\"]}]},{\"@type\":\"ImageObject\",\"inLanguage\":\"es\",\"@id\":\"https:\\\/\\\/easymover.se\\\/es\\\/peliculas\\\/#primaryimage\",\"url\":\"https:\\\/\\\/easymover.se\\\/wp-content\\\/uploads\\\/2025\\\/06\\\/topp-filmer.jpg\",\"contentUrl\":\"https:\\\/\\\/easymover.se\\\/wp-content\\\/uploads\\\/2025\\\/06\\\/topp-filmer.jpg\",\"width\":1920,\"height\":1280},{\"@type\":\"BreadcrumbList\",\"@id\":\"https:\\\/\\\/easymover.se\\\/es\\\/peliculas\\\/#breadcrumb\",\"itemListElement\":[{\"@type\":\"ListItem\",\"position\":1,\"name\":\"Hem\",\"item\":\"https:\\\/\\\/easymover.se\\\/es\\\/\"},{\"@type\":\"ListItem\",\"position\":2,\"name\":\"Pel\u00edculas\"}]},{\"@type\":\"WebSite\",\"@id\":\"https:\\\/\\\/easymover.se\\\/es\\\/#website\",\"url\":\"https:\\\/\\\/easymover.se\\\/es\\\/\",\"name\":\"Easy Mover Rejmyre Maskin\",\"description\":\"The Original\",\"publisher\":{\"@id\":\"https:\\\/\\\/easymover.se\\\/es\\\/#organization\"},\"potentialAction\":[{\"@type\":\"SearchAction\",\"target\":{\"@type\":\"EntryPoint\",\"urlTemplate\":\"https:\\\/\\\/easymover.se\\\/es\\\/?s={search_term_string}\"},\"query-input\":{\"@type\":\"PropertyValueSpecification\",\"valueRequired\":true,\"valueName\":\"search_term_string\"}}],\"inLanguage\":\"es\"},{\"@type\":\"Organization\",\"@id\":\"https:\\\/\\\/easymover.se\\\/es\\\/#organization\",\"name\":\"Easy Mover Rejmyre Maskin\",\"url\":\"https:\\\/\\\/easymover.se\\\/es\\\/\",\"logo\":{\"@type\":\"ImageObject\",\"inLanguage\":\"es\",\"@id\":\"https:\\\/\\\/easymover.se\\\/es\\\/#\\\/schema\\\/logo\\\/image\\\/\",\"url\":\"https:\\\/\\\/www.easymover.se\\\/wp-content\\\/uploads\\\/2025\\\/04\\\/easymover-svart.svg\",\"contentUrl\":\"https:\\\/\\\/www.easymover.se\\\/wp-content\\\/uploads\\\/2025\\\/04\\\/easymover-svart.svg\",\"width\":7,\"height\":2,\"caption\":\"Easy Mover Rejmyre Maskin\"},\"image\":{\"@id\":\"https:\\\/\\\/easymover.se\\\/es\\\/#\\\/schema\\\/logo\\\/image\\\/\"}}]}<\/script>\n<!-- \/ Yoast SEO plugin. -->","yoast_head_json":{"title":"Pel\u00edculas - Easy Mover Rejmyre Maskin","robots":{"index":"index","follow":"follow","max-snippet":"max-snippet:-1","max-image-preview":"max-image-preview:large","max-video-preview":"max-video-preview:-1"},"canonical":"https:\/\/easymover.se\/es\/peliculas\/","og_locale":"es_ES","og_type":"article","og_title":"Pel\u00edculas - Easy Mover Rejmyre Maskin","og_description":"Vea nuestro v\u00eddeo corporativo y nuestros v\u00eddeos de productos; en ellos le contamos c\u00f3mo empez\u00f3 todo, c\u00f3mo trabajamos y, sobre todo, c\u00f3mo les facilita la vida Easy Mover a clientes de todo el mundo, \u00a1cada d\u00eda!","og_url":"https:\/\/easymover.se\/es\/peliculas\/","og_site_name":"Easy Mover Rejmyre Maskin","article_modified_time":"2025-06-23T17:50:40+00:00","og_image":[{"width":1920,"height":1280,"url":"https:\/\/easymover.se\/wp-content\/uploads\/2025\/06\/topp-filmer.jpg","type":"image\/jpeg"}],"twitter_card":"summary_large_image","schema":{"@context":"https:\/\/schema.org","@graph":[{"@type":"WebPage","@id":"https:\/\/easymover.se\/es\/peliculas\/","url":"https:\/\/easymover.se\/es\/peliculas\/","name":"Pel\u00edculas - Easy Mover Rejmyre Maskin","isPartOf":{"@id":"https:\/\/easymover.se\/es\/#website"},"primaryImageOfPage":{"@id":"https:\/\/easymover.se\/es\/peliculas\/#primaryimage"},"image":{"@id":"https:\/\/easymover.se\/es\/peliculas\/#primaryimage"},"thumbnailUrl":"https:\/\/easymover.se\/wp-content\/uploads\/2025\/06\/topp-filmer.jpg","datePublished":"2025-06-02T11:54:12+00:00","dateModified":"2025-06-23T17:50:40+00:00","breadcrumb":{"@id":"https:\/\/easymover.se\/es\/peliculas\/#breadcrumb"},"inLanguage":"es","potentialAction":[{"@type":"ReadAction","target":["https:\/\/easymover.se\/es\/peliculas\/"]}]},{"@type":"ImageObject","inLanguage":"es","@id":"https:\/\/easymover.se\/es\/peliculas\/#primaryimage","url":"https:\/\/easymover.se\/wp-content\/uploads\/2025\/06\/topp-filmer.jpg","contentUrl":"https:\/\/easymover.se\/wp-content\/uploads\/2025\/06\/topp-filmer.jpg","width":1920,"height":1280},{"@type":"BreadcrumbList","@id":"https:\/\/easymover.se\/es\/peliculas\/#breadcrumb","itemListElement":[{"@type":"ListItem","position":1,"name":"Hem","item":"https:\/\/easymover.se\/es\/"},{"@type":"ListItem","position":2,"name":"Pel\u00edculas"}]},{"@type":"WebSite","@id":"https:\/\/easymover.se\/es\/#website","url":"https:\/\/easymover.se\/es\/","name":"Easy Mover Rejmyre Maskin","description":"The Original","publisher":{"@id":"https:\/\/easymover.se\/es\/#organization"},"potentialAction":[{"@type":"SearchAction","target":{"@type":"EntryPoint","urlTemplate":"https:\/\/easymover.se\/es\/?s={search_term_string}"},"query-input":{"@type":"PropertyValueSpecification","valueRequired":true,"valueName":"search_term_string"}}],"inLanguage":"es"},{"@type":"Organization","@id":"https:\/\/easymover.se\/es\/#organization","name":"Easy Mover Rejmyre Maskin","url":"https:\/\/easymover.se\/es\/","logo":{"@type":"ImageObject","inLanguage":"es","@id":"https:\/\/easymover.se\/es\/#\/schema\/logo\/image\/","url":"https:\/\/www.easymover.se\/wp-content\/uploads\/2025\/04\/easymover-svart.svg","contentUrl":"https:\/\/www.easymover.se\/wp-content\/uploads\/2025\/04\/easymover-svart.svg","width":7,"height":2,"caption":"Easy Mover Rejmyre Maskin"},"image":{"@id":"https:\/\/easymover.se\/es\/#\/schema\/logo\/image\/"}}]}},"_links":{"self":[{"href":"https:\/\/easymover.se\/es\/wp-json\/wp\/v2\/pages\/1530","targetHints":{"allow":["GET"]}}],"collection":[{"href":"https:\/\/easymover.se\/es\/wp-json\/wp\/v2\/pages"}],"about":[{"href":"https:\/\/easymover.se\/es\/wp-json\/wp\/v2\/types\/page"}],"author":[{"embeddable":true,"href":"https:\/\/easymover.se\/es\/wp-json\/wp\/v2\/users\/1"}],"replies":[{"embeddable":true,"href":"https:\/\/easymover.se\/es\/wp-json\/wp\/v2\/comments?post=1530"}],"version-history":[{"count":2,"href":"https:\/\/easymover.se\/es\/wp-json\/wp\/v2\/pages\/1530\/revisions"}],"predecessor-version":[{"id":1643,"href":"https:\/\/easymover.se\/es\/wp-json\/wp\/v2\/pages\/1530\/revisions\/1643"}],"wp:featuredmedia":[{"embeddable":true,"href":"https:\/\/easymover.se\/es\/wp-json\/wp\/v2\/media\/1395"}],"wp:attachment":[{"href":"https:\/\/easymover.se\/es\/wp-json\/wp\/v2\/media?parent=1530"}],"curies":[{"name":"wp","href":"https:\/\/api.w.org\/{rel}","templated":true}]}}